{"id":2353,"date":"2019-11-07T16:46:20","date_gmt":"2019-11-07T15:46:20","guid":{"rendered":"https:\/\/www.kitachinderwaelt.ch\/?page_id=2353"},"modified":"2019-11-25T10:05:05","modified_gmt":"2019-11-25T09:05:05","slug":"about-us","status":"publish","type":"page","link":"https:\/\/www.kitachinderwaelt.ch\/en\/about-us\/","title":{"rendered":"About us"},"content":{"rendered":"\n<style type=\"text\/css\" data-created_by=\"avia_inline_auto\" id=\"style-css-av-jgo1dl1k-aa0892923d4c393a2810ded4ffc318d3\">\n.avia-image-container.av-jgo1dl1k-aa0892923d4c393a2810ded4ffc318d3 img.avia_image{\nbox-shadow:none;\n}\n.avia-image-container.av-jgo1dl1k-aa0892923d4c393a2810ded4ffc318d3 .av-image-caption-overlay-center{\ncolor:#ffffff;\n}\n<\/style>\n<div  class='avia-image-container av-jgo1dl1k-aa0892923d4c393a2810ded4ffc318d3 av-styling- avia-align-center  avia-builder-el-0  el_before_av_heading  avia-builder-el-first '   itemprop=\"image\" itemscope=\"itemscope\" itemtype=\"https:\/\/schema.org\/ImageObject\" ><div class=\"avia-image-container-inner\"><div class=\"avia-image-overlay-wrap\"><img decoding=\"async\" class='wp-image-2350 avia-img-lazy-loading-not-2350 avia_image ' src=\"https:\/\/www.kitachinderwaelt.ch\/wp-content\/uploads\/2018\/04\/Kita-Chinderwaelt_Kinderhaende_1500x340.jpg\" alt='' title='Kreativit\u00e4t in der Kita Chinderw\u00e4lt Baden-D\u00e4ttwil'  height=\"340\" width=\"1500\"  itemprop=\"thumbnailUrl\" srcset=\"https:\/\/www.kitachinderwaelt.ch\/wp-content\/uploads\/2018\/04\/Kita-Chinderwaelt_Kinderhaende_1500x340.jpg 1500w, https:\/\/www.kitachinderwaelt.ch\/wp-content\/uploads\/2018\/04\/Kita-Chinderwaelt_Kinderhaende_1500x340-200x45.jpg 200w, https:\/\/www.kitachinderwaelt.ch\/wp-content\/uploads\/2018\/04\/Kita-Chinderwaelt_Kinderhaende_1500x340-300x68.jpg 300w, https:\/\/www.kitachinderwaelt.ch\/wp-content\/uploads\/2018\/04\/Kita-Chinderwaelt_Kinderhaende_1500x340-768x174.jpg 768w, https:\/\/www.kitachinderwaelt.ch\/wp-content\/uploads\/2018\/04\/Kita-Chinderwaelt_Kinderhaende_1500x340-1024x232.jpg 1024w, https:\/\/www.kitachinderwaelt.ch\/wp-content\/uploads\/2018\/04\/Kita-Chinderwaelt_Kinderhaende_1500x340-668x151.jpg 668w\" sizes=\"(max-width: 1500px) 100vw, 1500px\" \/><\/div><\/div><\/div>\n\n<style type=\"text\/css\" data-created_by=\"avia_inline_auto\" id=\"style-css-av-av_heading-eaee0964485ebc4cd56bca99ddf0feef\">\n#top .av-special-heading.av-av_heading-eaee0964485ebc4cd56bca99ddf0feef{\npadding-bottom:10px;\n}\nbody .av-special-heading.av-av_heading-eaee0964485ebc4cd56bca99ddf0feef .av-special-heading-tag .heading-char{\nfont-size:25px;\n}\n.av-special-heading.av-av_heading-eaee0964485ebc4cd56bca99ddf0feef .av-subheading{\nfont-size:15px;\n}\n<\/style>\n<div  class='av-special-heading av-av_heading-eaee0964485ebc4cd56bca99ddf0feef av-special-heading-h2 blockquote modern-quote  avia-builder-el-1  el_after_av_image  el_before_av_textblock '><h2 class='av-special-heading-tag'  itemprop=\"headline\"  >About us<\/h2><div class=\"special-heading-border\"><div class=\"special-heading-inner-border\"><\/div><\/div><\/div>\n<section  class='av_textblock_section av-jgrnkbyt-24bb063e873565c0fb24df61c4a182d3'  itemscope=\"itemscope\" itemtype=\"https:\/\/schema.org\/CreativeWork\" ><div class='avia_textblock'  itemprop=\"text\" ><p>In the light-flooded and <strong>large rooms of 500 m<sup style=\"font-size: 10px;\">2<\/sup>,<\/strong> the focus is on learning while playing with the children. For the discovery and development of the individual talents, it is necessary to have the ideal environment and caregivers, who are holistically present and actively listening. In planning and furnishing of the premises, Kita Chinderw\u00e4lt has put the exciting world of children in the foreground. The rooms offer plenty of space for fun play, discovery, movement, but also to do nothing. On the associated <strong>adventure playground<\/strong> or in the nearby forest area with its own <strong>woodland sofa,<\/strong> digging, exploring nature and a lot of running around is possible.<\/p>\n<p>The key carers accompany every single child lovingly, with authenticity and respect. They protect their privacy and integrity and are <strong>reliable caregivers.<\/strong> The child learns that they are allowed to show and express emotions and needs without judgement. Rituals also give the children security and confidence, so that the day-to-day day-care centre becomes an unlimited positive experience.<\/p>\n<p>Parents can trust on reliable care, because the daycare is <strong>open almost the whole year.<\/strong> The daycare only closes between Christmas and New Year and on public holidays.<\/p>\n<p style=\"text-align: left;\">Kita Chinderw\u00e4lt is part of the Nurseries pool of the city of Baden and therefore offers <strong>subsidized childcare<\/strong> places.<\/p>\n<p>Kita Chinderw\u00e4lt is also part of <a title=\"\" href=\"https:\/\/childrensworld.ch\/?lang=en\" target=\"_blank\" rel=\"noopener noreferrer\">Children&#8217;s World<\/a> Group.<\/p>\n<\/div><\/section>\n\n<style type=\"text\/css\" data-created_by=\"avia_inline_auto\" id=\"style-css-av-av_heading-6c93260a1d890d35dcf38440350f894f\">\n#top .av-special-heading.av-av_heading-6c93260a1d890d35dcf38440350f894f{\npadding-bottom:10px;\n}\nbody .av-special-heading.av-av_heading-6c93260a1d890d35dcf38440350f894f .av-special-heading-tag .heading-char{\nfont-size:25px;\n}\n.av-special-heading.av-av_heading-6c93260a1d890d35dcf38440350f894f .av-subheading{\nfont-size:15px;\n}\n<\/style>\n<div  class='av-special-heading av-av_heading-6c93260a1d890d35dcf38440350f894f av-special-heading-h3 blockquote modern-quote  avia-builder-el-3  el_after_av_textblock  el_before_av_textblock '><h3 class='av-special-heading-tag'  itemprop=\"headline\"  >We speak English<\/h3><div class=\"special-heading-border\"><div class=\"special-heading-inner-border\"><\/div><\/div><\/div>\n<section  class='av_textblock_section av-jgrnkbyt-24bb063e873565c0fb24df61c4a182d3'  itemscope=\"itemscope\" itemtype=\"https:\/\/schema.org\/CreativeWork\" ><div class='avia_textblock'  itemprop=\"text\" ><p>Thanks to the bilingualism of the founder family and team members, foreign-language speaking parents can discuss their issues in English.<\/p>\n<\/div><\/section>\n\n<style type=\"text\/css\" data-created_by=\"avia_inline_auto\" id=\"style-css-av-7e1s9x-8089bb2be8a011bf3887c9d93d6e2653\">\n.flex_column.av-7e1s9x-8089bb2be8a011bf3887c9d93d6e2653{\nborder-width:5px;\nborder-color:#3ebbe9;\nborder-style:solid;\n-webkit-border-radius:10px 10px 10px 10px;\n-moz-border-radius:10px 10px 10px 10px;\nborder-radius:10px 10px 10px 10px;\npadding:20px 20px 20px 20px;\n}\n<\/style>\n<div class='flex_column av-7e1s9x-8089bb2be8a011bf3887c9d93d6e2653 av_one_half  avia-builder-el-5  el_after_av_textblock  el_before_av_one_half  first flex_column_div av-animated-generic fade-in avia-link-column av-column-link avia-link-column-hover column-top-margin'    data-link-column-url=\"https:\/\/www.kitachinderwaelt.ch\/ueber-uns\/team\/\"   ><a class=\"av-screen-reader-only\" href=https:\/\/www.kitachinderwaelt.ch\/ueber-uns\/team\/ >Follow a manual added link<\/a><p>\n<style type=\"text\/css\" data-created_by=\"avia_inline_auto\" id=\"style-css-av-69a1ox-1092dbf7bbdade6781e31f4eaf9ed6b3\">\n#top .av-special-heading.av-69a1ox-1092dbf7bbdade6781e31f4eaf9ed6b3{\npadding-bottom:10px;\nfont-size:30px;\n}\nbody .av-special-heading.av-69a1ox-1092dbf7bbdade6781e31f4eaf9ed6b3 .av-special-heading-tag .heading-char{\nfont-size:25px;\n}\n#top #wrap_all .av-special-heading.av-69a1ox-1092dbf7bbdade6781e31f4eaf9ed6b3 .av-special-heading-tag{\nfont-size:30px;\n}\n.av-special-heading.av-69a1ox-1092dbf7bbdade6781e31f4eaf9ed6b3 .av-subheading{\nfont-size:15px;\n}\n\n@media only screen and (min-width: 480px) and (max-width: 767px){ \n#top #wrap_all .av-special-heading.av-69a1ox-1092dbf7bbdade6781e31f4eaf9ed6b3 .av-special-heading-tag{\nfont-size:0.8em;\n}\n}\n\n@media only screen and (max-width: 479px){ \n#top #wrap_all .av-special-heading.av-69a1ox-1092dbf7bbdade6781e31f4eaf9ed6b3 .av-special-heading-tag{\nfont-size:0.8em;\n}\n}\n<\/style>\n<div  class='av-special-heading av-69a1ox-1092dbf7bbdade6781e31f4eaf9ed6b3 av-special-heading-h3 blockquote modern-quote  avia-builder-el-6  el_before_av_textblock  avia-builder-el-first  av-inherit-size'><h3 class='av-special-heading-tag'  itemprop=\"headline\"  >Team<\/h3><div class=\"special-heading-border\"><div class=\"special-heading-inner-border\"><\/div><\/div><\/div><br \/>\n<section  class='av_textblock_section av-5dzh7p-a2ecf65e10c4f691b96d30ce9ee36b2c'  itemscope=\"itemscope\" itemtype=\"https:\/\/schema.org\/CreativeWork\" ><div class='avia_textblock'  itemprop=\"text\" ><p>Find out more about our long-standing and competent team here.<br \/>\n(this\u00a0site is\u00a0available\u00a0in\u00a0German)<\/p>\n<\/div><\/section><\/p><\/div>\n\n<style type=\"text\/css\" data-created_by=\"avia_inline_auto\" id=\"style-css-av-7e1s9x-1802e8892f9cb2104f816058859828b1\">\n.flex_column.av-7e1s9x-1802e8892f9cb2104f816058859828b1{\nborder-width:5px;\nborder-color:#3ebbe9;\nborder-style:solid;\n-webkit-border-radius:10px 10px 10px 10px;\n-moz-border-radius:10px 10px 10px 10px;\nborder-radius:10px 10px 10px 10px;\npadding:20px 20px 20px 20px;\n}\n<\/style>\n<div class='flex_column av-7e1s9x-1802e8892f9cb2104f816058859828b1 av_one_half  avia-builder-el-8  el_after_av_one_half  el_before_av_hr  flex_column_div av-animated-generic fade-in avia-link-column av-column-link avia-link-column-hover column-top-margin'    data-link-column-url=\"https:\/\/www.kitachinderwaelt.ch\/ueber-uns\/leitbild\/\"   ><a class=\"av-screen-reader-only\" href=https:\/\/www.kitachinderwaelt.ch\/ueber-uns\/leitbild\/ >Follow a manual added link<\/a><p>\n<style type=\"text\/css\" data-created_by=\"avia_inline_auto\" id=\"style-css-av-e78ld-48d2233a7dfabb5eb43e97540f2de80f\">\n#top .av-special-heading.av-e78ld-48d2233a7dfabb5eb43e97540f2de80f{\npadding-bottom:10px;\nfont-size:30px;\n}\nbody .av-special-heading.av-e78ld-48d2233a7dfabb5eb43e97540f2de80f .av-special-heading-tag .heading-char{\nfont-size:25px;\n}\n#top #wrap_all .av-special-heading.av-e78ld-48d2233a7dfabb5eb43e97540f2de80f .av-special-heading-tag{\nfont-size:30px;\n}\n.av-special-heading.av-e78ld-48d2233a7dfabb5eb43e97540f2de80f .av-subheading{\nfont-size:15px;\n}\n\n@media only screen and (min-width: 480px) and (max-width: 767px){ \n#top #wrap_all .av-special-heading.av-e78ld-48d2233a7dfabb5eb43e97540f2de80f .av-special-heading-tag{\nfont-size:0.8em;\n}\n}\n\n@media only screen and (max-width: 479px){ \n#top #wrap_all .av-special-heading.av-e78ld-48d2233a7dfabb5eb43e97540f2de80f .av-special-heading-tag{\nfont-size:0.8em;\n}\n}\n<\/style>\n<div  class='av-special-heading av-e78ld-48d2233a7dfabb5eb43e97540f2de80f av-special-heading-h3 blockquote modern-quote  avia-builder-el-9  el_before_av_textblock  avia-builder-el-first  av-inherit-size'><h3 class='av-special-heading-tag'  itemprop=\"headline\"  >Mission Statement<\/h3><div class=\"special-heading-border\"><div class=\"special-heading-inner-border\"><\/div><\/div><\/div><br \/>\n<section  class='av_textblock_section av-2isexh-bc357cff4b94cbb6bc1f46ce3f8ce303'  itemscope=\"itemscope\" itemtype=\"https:\/\/schema.org\/CreativeWork\" ><div class='avia_textblock'  itemprop=\"text\" ><p>Read more about which guiding principals we work for and which values are important to us.<br \/>\n(this\u00a0site is\u00a0available\u00a0in\u00a0German)<\/p>\n<\/div><\/section><\/p><\/div>\n\n<style type=\"text\/css\" data-created_by=\"avia_inline_auto\" id=\"style-css-av-jgorozs8-195b54c8ad9253085d788fd0971078c8\">\n#top .hr.av-jgorozs8-195b54c8ad9253085d788fd0971078c8{\nmargin-top:50px;\nmargin-bottom:50px;\n}\n.hr.av-jgorozs8-195b54c8ad9253085d788fd0971078c8 .hr-inner{\nwidth:50px;\nmax-width:45%;\n}\n<\/style>\n<div  class='hr av-jgorozs8-195b54c8ad9253085d788fd0971078c8 hr-custom  avia-builder-el-11  el_after_av_one_half  el_before_av_heading  hr-center hr-icon-yes'><span class='hr-inner inner-border-av-border-thin'><span class=\"hr-inner-style\"><\/span><\/span><span class='av-seperator-icon' aria-hidden='true' data-av_icon='\ue866' data-av_iconfont='entypo-fontello'><\/span><span class='hr-inner inner-border-av-border-thin'><span class=\"hr-inner-style\"><\/span><\/span><\/div>\n\n<style type=\"text\/css\" data-created_by=\"avia_inline_auto\" id=\"style-css-av-av_heading-111cc43f37f124b7ed4d8626f7e51357\">\n#top .av-special-heading.av-av_heading-111cc43f37f124b7ed4d8626f7e51357{\npadding-bottom:10px;\ncolor:#ff6a00;\nfont-size:30px;\n}\nbody .av-special-heading.av-av_heading-111cc43f37f124b7ed4d8626f7e51357 .av-special-heading-tag .heading-char{\nfont-size:25px;\n}\n#top #wrap_all .av-special-heading.av-av_heading-111cc43f37f124b7ed4d8626f7e51357 .av-special-heading-tag{\nfont-size:30px;\n}\n.av-special-heading.av-av_heading-111cc43f37f124b7ed4d8626f7e51357 .special-heading-inner-border{\nborder-color:#ff6a00;\n}\n.av-special-heading.av-av_heading-111cc43f37f124b7ed4d8626f7e51357 .av-subheading{\nfont-size:15px;\n}\n\n@media only screen and (min-width: 480px) and (max-width: 767px){ \n#top #wrap_all .av-special-heading.av-av_heading-111cc43f37f124b7ed4d8626f7e51357 .av-special-heading-tag{\nfont-size:0.8em;\n}\n}\n\n@media only screen and (max-width: 479px){ \n#top #wrap_all .av-special-heading.av-av_heading-111cc43f37f124b7ed4d8626f7e51357 .av-special-heading-tag{\nfont-size:0.8em;\n}\n}\n<\/style>\n<div  class='av-special-heading av-av_heading-111cc43f37f124b7ed4d8626f7e51357 av-special-heading-h3 custom-color-heading blockquote modern-quote  avia-builder-el-12  el_after_av_hr  avia-builder-el-last  av-inherit-size'><h3 class='av-special-heading-tag'  itemprop=\"headline\"  >\u00abTake a child by the hand and let yourself be led, listen attentively, and you enter a world that you have long forgotten.\u00bb<\/h3><div class=\"special-heading-border\"><div class=\"special-heading-inner-border\"><\/div><\/div><\/div>\n","protected":false},"excerpt":{"rendered":"","protected":false},"author":7,"featured_media":0,"parent":0,"menu_order":0,"comment_status":"open","ping_status":"open","template":"","meta":{"footnotes":""},"_links":{"self":[{"href":"https:\/\/www.kitachinderwaelt.ch\/en\/wp-json\/wp\/v2\/pages\/2353"}],"collection":[{"href":"https:\/\/www.kitachinderwaelt.ch\/en\/wp-json\/wp\/v2\/pages"}],"about":[{"href":"https:\/\/www.kitachinderwaelt.ch\/en\/wp-json\/wp\/v2\/types\/page"}],"author":[{"embeddable":true,"href":"https:\/\/www.kitachinderwaelt.ch\/en\/wp-json\/wp\/v2\/users\/7"}],"replies":[{"embeddable":true,"href":"https:\/\/www.kitachinderwaelt.ch\/en\/wp-json\/wp\/v2\/comments?post=2353"}],"version-history":[{"count":7,"href":"https:\/\/www.kitachinderwaelt.ch\/en\/wp-json\/wp\/v2\/pages\/2353\/revisions"}],"predecessor-version":[{"id":2915,"href":"https:\/\/www.kitachinderwaelt.ch\/en\/wp-json\/wp\/v2\/pages\/2353\/revisions\/2915"}],"wp:attachment":[{"href":"https:\/\/www.kitachinderwaelt.ch\/en\/wp-json\/wp\/v2\/media?parent=2353"}],"curies":[{"name":"wp","href":"https:\/\/api.w.org\/{rel}","templated":true}]}}