{"id":2366,"date":"2019-11-07T17:04:58","date_gmt":"2019-11-07T16:04:58","guid":{"rendered":"https:\/\/www.kitachinderwaelt.ch\/?page_id=2366"},"modified":"2023-03-22T14:59:13","modified_gmt":"2023-03-22T13:59:13","slug":"contact-and-location","status":"publish","type":"page","link":"https:\/\/www.kitachinderwaelt.ch\/en\/contact-and-location\/","title":{"rendered":"Contact and location"},"content":{"rendered":"\n<style type=\"text\/css\" data-created_by=\"avia_inline_auto\" id=\"style-css-av-av_heading-3885c65f16476d3c66603c3d7bf6a9dd\">\n#top .av-special-heading.av-av_heading-3885c65f16476d3c66603c3d7bf6a9dd{\npadding-bottom:10px;\n}\nbody .av-special-heading.av-av_heading-3885c65f16476d3c66603c3d7bf6a9dd .av-special-heading-tag .heading-char{\nfont-size:25px;\n}\n.av-special-heading.av-av_heading-3885c65f16476d3c66603c3d7bf6a9dd .av-subheading{\nfont-size:15px;\n}\n<\/style>\n<div  class='av-special-heading av-av_heading-3885c65f16476d3c66603c3d7bf6a9dd av-special-heading-h2 blockquote modern-quote  avia-builder-el-0  el_before_av_textblock  avia-builder-el-first '><h2 class='av-special-heading-tag'  itemprop=\"headline\"  >Contact and location<\/h2><div class=\"special-heading-border\"><div class=\"special-heading-inner-border\"><\/div><\/div><\/div>\n<section  class='av_textblock_section av-jgxebhrf-084e0cb8de9b1c76be9872d4d6bc9c5f'  itemscope=\"itemscope\" itemtype=\"https:\/\/schema.org\/CreativeWork\" ><div class='avia_textblock'  itemprop=\"text\" ><p>Our Kita Children&#8217;s World (former Kita Chinderw\u00e4lt) is located in a central location in Baden-D\u00e4ttwil. Our location is not only ideal for families from Baden and D\u00e4ttwil, but also for parents and children from the communities of R\u00fctihof, Fislisbach, Oberrohrdorf, Niederrohrdorf and other neighbouring villages.<\/p>\n<p>Thanks to our own garden playground and proximity to the forest, our children enjoy the benefits of a natural environment.<\/p>\n<\/div><\/section>\n\n<style type=\"text\/css\" data-created_by=\"avia_inline_auto\" id=\"style-css-av-1bjqk-d0492254b2188baafc5633e54d0f16b1\">\n.flex_column.av-1bjqk-d0492254b2188baafc5633e54d0f16b1{\n-webkit-border-radius:0px 0px 0px 0px;\n-moz-border-radius:0px 0px 0px 0px;\nborder-radius:0px 0px 0px 0px;\npadding:0px 0px 0px 0px;\n}\n<\/style>\n<div class='flex_column av-1bjqk-d0492254b2188baafc5633e54d0f16b1 av_one_half  avia-builder-el-2  el_after_av_textblock  el_before_av_one_half  first flex_column_div av-zero-column-padding column-top-margin'     ><style type=\"text\/css\" data-created_by=\"avia_inline_auto\" id=\"style-css-av-jnkhfwru-08a365fb924a445ca56cf2538d2aad37\">\n.avia-image-container.av-jnkhfwru-08a365fb924a445ca56cf2538d2aad37 img.avia_image{\nbox-shadow:none;\n}\n.avia-image-container.av-jnkhfwru-08a365fb924a445ca56cf2538d2aad37 .av-image-caption-overlay-center{\ncolor:#ffffff;\n}\n<\/style>\n<div  class='avia-image-container av-jnkhfwru-08a365fb924a445ca56cf2538d2aad37 av-styling- avia-align-center  avia-builder-el-3  avia-builder-el-no-sibling '   itemprop=\"image\" itemscope=\"itemscope\" itemtype=\"https:\/\/schema.org\/ImageObject\" ><div class=\"avia-image-container-inner\"><div class=\"avia-image-overlay-wrap\"><img decoding=\"async\" class='wp-image-2676 avia-img-lazy-loading-not-2676 avia_image ' src=\"https:\/\/www.kitachinderwaelt.ch\/wp-content\/uploads\/2018\/05\/Kita_Chinderwaelt_023.jpg\" alt='' title='Kita_Chinderwaelt_Geb\u00e4udeansicht'  height=\"567\" width=\"850\"  itemprop=\"thumbnailUrl\" srcset=\"https:\/\/www.kitachinderwaelt.ch\/wp-content\/uploads\/2018\/05\/Kita_Chinderwaelt_023.jpg 850w, https:\/\/www.kitachinderwaelt.ch\/wp-content\/uploads\/2018\/05\/Kita_Chinderwaelt_023-80x53.jpg 80w, https:\/\/www.kitachinderwaelt.ch\/wp-content\/uploads\/2018\/05\/Kita_Chinderwaelt_023-300x200.jpg 300w, https:\/\/www.kitachinderwaelt.ch\/wp-content\/uploads\/2018\/05\/Kita_Chinderwaelt_023-768x512.jpg 768w, https:\/\/www.kitachinderwaelt.ch\/wp-content\/uploads\/2018\/05\/Kita_Chinderwaelt_023-705x470.jpg 705w, https:\/\/www.kitachinderwaelt.ch\/wp-content\/uploads\/2018\/05\/Kita_Chinderwaelt_023-450x300.jpg 450w\" sizes=\"(max-width: 850px) 100vw, 850px\" \/><\/div><\/div><\/div><\/div>\n\n<style type=\"text\/css\" data-created_by=\"avia_inline_auto\" id=\"style-css-av-28vns-f139b11c9d829c6a57c6f59dfbf9c75d\">\n.flex_column.av-28vns-f139b11c9d829c6a57c6f59dfbf9c75d{\n-webkit-border-radius:0px 0px 0px 0px;\n-moz-border-radius:0px 0px 0px 0px;\nborder-radius:0px 0px 0px 0px;\npadding:0px 0px 0px 0px;\n}\n<\/style>\n<div class='flex_column av-28vns-f139b11c9d829c6a57c6f59dfbf9c75d av_one_half  avia-builder-el-4  el_after_av_one_half  el_before_av_hr  flex_column_div av-zero-column-padding column-top-margin'     ><p><section  class='av_textblock_section av-12b3k-2264fa9b3649998b39de16bfcc8c738a'  itemscope=\"itemscope\" itemtype=\"https:\/\/schema.org\/CreativeWork\" ><div class='avia_textblock'  itemprop=\"text\" ><p>Kita Children&#8217;s World<br \/>\n(former Kita Chinderw\u00e4lt)<br \/>\nT\u00e4fernstrasse 16a<br \/>\n5405 Baden-D\u00e4ttwil AG<\/p>\n<p>Phone +41 56 470 00 10<br \/>\n<a title=\"\" href=\"javascript:DeCryptX('1e2c0e0t3w0w2k3o0@1d2j0i1m2f3u2g3q0s1x2q0r3o3g0.1d0h')\" target=\"_blank\" rel=\"noopener\">daettwil(at)childrensworld.ch<\/a><\/p>\n<p>You are also welcome to send us your message via the contact form.<\/p>\n<\/div><\/section><br \/>\n<div  class='avia-button-wrap av-jhhmfvjr-1ec76adf415bb5989cffdeee000cd759-wrap avia-button-left  avia-builder-el-6  el_after_av_textblock  avia-builder-el-last '><a href='https:\/\/childrensworld.ch\/standort-baden-daettwil\/' class='avia-button av-jhhmfvjr-1ec76adf415bb5989cffdeee000cd759 avia-icon_select-yes-right-icon avia-size-small avia-position-left avia-color-theme-color' target=\"_blank\" rel=\"noopener noreferrer\"><span class='avia_iconbox_title' >Contact form<\/span><span class='avia_button_icon avia_button_icon_right' aria-hidden='true' data-av_icon='\ue805' data-av_iconfont='entypo-fontello'><\/span><\/a><\/div><\/p><\/div>\n<style type=\"text\/css\" data-created_by=\"avia_inline_auto\" id=\"style-css-av-jgxeindr-a7f9fc88ba28f665885f374eb3f087cc\">\n#top .hr.hr-invisible.av-jgxeindr-a7f9fc88ba28f665885f374eb3f087cc{\nheight:10px;\n}\n<\/style>\n<div  class='hr av-jgxeindr-a7f9fc88ba28f665885f374eb3f087cc hr-invisible  avia-builder-el-7  el_after_av_one_half  el_before_av_heading '><span class='hr-inner '><span class=\"hr-inner-style\"><\/span><\/span><\/div><\/p>\n\n<style type=\"text\/css\" data-created_by=\"avia_inline_auto\" id=\"style-css-av-av_heading-2aa070b57ef371087368fc86e4f870fa\">\n#top .av-special-heading.av-av_heading-2aa070b57ef371087368fc86e4f870fa{\npadding-bottom:10px;\n}\nbody .av-special-heading.av-av_heading-2aa070b57ef371087368fc86e4f870fa .av-special-heading-tag .heading-char{\nfont-size:25px;\n}\n.av-special-heading.av-av_heading-2aa070b57ef371087368fc86e4f870fa .av-subheading{\nfont-size:15px;\n}\n<\/style>\n<div  class='av-special-heading av-av_heading-2aa070b57ef371087368fc86e4f870fa av-special-heading-h3 blockquote modern-quote  avia-builder-el-8  el_after_av_hr  el_before_av_textblock '><h3 class='av-special-heading-tag'  itemprop=\"headline\"  >Arrival<\/h3><div class=\"special-heading-border\"><div class=\"special-heading-inner-border\"><\/div><\/div><\/div>\n<section  class='av_textblock_section av-jgxebhrf-084e0cb8de9b1c76be9872d4d6bc9c5f'  itemscope=\"itemscope\" itemtype=\"https:\/\/schema.org\/CreativeWork\" ><div class='avia_textblock'  itemprop=\"text\" ><p>Our central location can be reached from all different directions without traffic congestion and without stress.<\/p>\n<p><strong>On the fastest way by car<\/strong><\/p>\n<p>Without inconvenient traffic jams, you will be back with us in a few minutes on the motorway access &#8220;Baden West&#8221; to Bern\/Basel or Zurich or from the motorway.<\/p>\n<p>Thanks to <strong>enough parking spaces<\/strong> in front of our building, a smooth bringing and picking up of your children is guaranteed at all times.<\/p>\n<p><strong>On the road with public transport<\/strong><\/p>\n<p>The bus stop &#8220;T\u00e4fere&#8221; is only a few steps away from our daycare centre. The bus runs at intervals of a few minutes in all directions or to Baden train station.<\/p>\n<\/div><\/section>\n\n<style type=\"text\/css\" data-created_by=\"avia_inline_auto\" id=\"style-css-av-jgxeindr-23c478e00b38b8c6628cb7244908e3dd\">\n#top .hr.hr-invisible.av-jgxeindr-23c478e00b38b8c6628cb7244908e3dd{\nheight:30px;\n}\n<\/style>\n<div  class='hr av-jgxeindr-23c478e00b38b8c6628cb7244908e3dd hr-invisible  avia-builder-el-10  el_after_av_textblock  el_before_av_textblock '><span class='hr-inner '><span class=\"hr-inner-style\"><\/span><\/span><\/div>\n<section  class='av_textblock_section av-12b3k-2264fa9b3649998b39de16bfcc8c738a'  itemscope=\"itemscope\" itemtype=\"https:\/\/schema.org\/CreativeWork\" ><div class='avia_textblock'  itemprop=\"text\" ><p><iframe loading=\"lazy\" style=\"border: 0;\" src=\"https:\/\/www.google.com\/maps\/embed?pb=!1m18!1m12!1m3!1d2698.1442051775994!2d8.290384451460307!3d47.44812837907232!2m3!1f0!2f0!3f0!3m2!1i1024!2i768!4f13.1!3m3!1m2!1s0x479013414127f275%3A0x3875a37255f00658!2sKita+Chinderw%C3%A4lt+PeTzi+GmbH!5e0!3m2!1sde!2sch!4v1540233085245\" width=\"800\" height=\"450\" frameborder=\"0\" allowfullscreen=\"allowfullscreen\" data-mce-fragment=\"1\"><\/iframe><\/p>\n<\/div><\/section>\n","protected":false},"excerpt":{"rendered":"<p>Our Kita Children&#8217;s World is located in a central location in Baden-D\u00e4ttwil. Our location is not only ideal for families from Baden and D\u00e4ttwil, but also for parents and children from the communities of R\u00fctihof, Fislisbach, Oberrohrdorf, Niederrohrdorf and other neighbouring villages.<\/p>\n","protected":false},"author":7,"featured_media":0,"parent":0,"menu_order":0,"comment_status":"open","ping_status":"closed","template":"","meta":{"footnotes":""},"_links":{"self":[{"href":"https:\/\/www.kitachinderwaelt.ch\/en\/wp-json\/wp\/v2\/pages\/2366"}],"collection":[{"href":"https:\/\/www.kitachinderwaelt.ch\/en\/wp-json\/wp\/v2\/pages"}],"about":[{"href":"https:\/\/www.kitachinderwaelt.ch\/en\/wp-json\/wp\/v2\/types\/page"}],"author":[{"embeddable":true,"href":"https:\/\/www.kitachinderwaelt.ch\/en\/wp-json\/wp\/v2\/users\/7"}],"replies":[{"embeddable":true,"href":"https:\/\/www.kitachinderwaelt.ch\/en\/wp-json\/wp\/v2\/comments?post=2366"}],"version-history":[{"count":8,"href":"https:\/\/www.kitachinderwaelt.ch\/en\/wp-json\/wp\/v2\/pages\/2366\/revisions"}],"predecessor-version":[{"id":3419,"href":"https:\/\/www.kitachinderwaelt.ch\/en\/wp-json\/wp\/v2\/pages\/2366\/revisions\/3419"}],"wp:attachment":[{"href":"https:\/\/www.kitachinderwaelt.ch\/en\/wp-json\/wp\/v2\/media?parent=2366"}],"curies":[{"name":"wp","href":"https:\/\/api.w.org\/{rel}","templated":true}]}}